{"id":24,"date":"2026-04-15T15:52:48","date_gmt":"2026-04-15T15:52:48","guid":{"rendered":"https:\/\/desboulesauxnez.fr\/?page_id=24"},"modified":"2026-04-15T16:03:47","modified_gmt":"2026-04-15T16:03:47","slug":"contact","status":"publish","type":"page","link":"https:\/\/desboulesauxnez.fr\/?page_id=2\/?page_id=24","title":{"rendered":"Contact"},"content":{"rendered":"\t\t<div data-elementor-type=\"wp-page\" data-elementor-id=\"24\" class=\"elementor elementor-24\">\n\t\t\t\t<div class=\"elementor-element elementor-element-849978b e-flex e-con-boxed e-con e-parent\" data-id=\"849978b\" data-element_type=\"container\" data-e-type=\"container\">\n\t\t\t\t\t<div class=\"e-con-inner\">\n\t\t\t\t<div class=\"elementor-element elementor-element-737fac5 elementor-widget elementor-widget-wpforms\" data-id=\"737fac5\" data-element_type=\"widget\" data-e-type=\"widget\" data-widget_type=\"wpforms.default\">\n\t\t\t\t<div class=\"elementor-widget-container\">\n\t\t\t\t\t<div class=\"wpforms-container wpforms-container-full wpforms-render-modern\" id=\"wpforms-21\"><form id=\"wpforms-form-21\" class=\"wpforms-validate wpforms-form wpforms-ajax-form\" data-formid=\"21\" method=\"post\" enctype=\"multipart\/form-data\" action=\"\/?page_id=2%2Findex.php&#038;rest_route=%2Fwp%2Fv2%2Fpages%2F24\" data-token=\"866107d5aa96bea6f5a743f28cd79b0a\" data-token-time=\"1776295610\"><noscript class=\"wpforms-error-noscript\">Veuillez activer JavaScript dans votre navigateur pour remplir ce formulaire.<\/noscript><div id=\"wpforms-error-noscript\" style=\"display: none;\">Veuillez activer JavaScript dans votre navigateur pour remplir ce formulaire.<\/div><div class=\"wpforms-field-container\"><div id=\"wpforms-21-field_1-container\" class=\"wpforms-field wpforms-field-name\" data-field-id=\"1\"><fieldset><legend class=\"wpforms-field-label\">Nom <span class=\"wpforms-required-label\" aria-hidden=\"true\">*<\/span><\/legend><div class=\"wpforms-field-row wpforms-field-medium\"><div class=\"wpforms-field-row-block wpforms-first wpforms-one-half\"><input type=\"text\" id=\"wpforms-21-field_1\" class=\"wpforms-field-name-first wpforms-field-required\" name=\"wpforms[fields][1][first]\" aria-errormessage=\"wpforms-21-field_1-error\" required><label for=\"wpforms-21-field_1\" class=\"wpforms-field-sublabel after\">Pr\u00e9nom<\/label><\/div><div class=\"wpforms-field-row-block wpforms-one-half\"><input type=\"text\" id=\"wpforms-21-field_1-last\" class=\"wpforms-field-name-last wpforms-field-required\" name=\"wpforms[fields][1][last]\" aria-errormessage=\"wpforms-21-field_1-last-error\" required><label for=\"wpforms-21-field_1-last\" class=\"wpforms-field-sublabel after\">Nom<\/label><\/div><\/div><\/fieldset><\/div>\t\t<div id=\"wpforms-21-field_5-container\"\n\t\t\tclass=\"wpforms-field wpforms-field-text\"\n\t\t\tdata-field-type=\"text\"\n\t\t\tdata-field-id=\"5\"\n\t\t\t>\n\t\t\t<label class=\"wpforms-field-label\" for=\"wpforms-21-field_5\" >T\u00e9l\u00e9phone E-mail Commentaire<\/label>\n\t\t\t<input type=\"text\" id=\"wpforms-21-field_5\" class=\"wpforms-field-medium\" name=\"wpforms[fields][5]\" >\n\t\t<\/div>\n\t\t<div id=\"wpforms-21-field_2-container\" class=\"wpforms-field wpforms-field-email\" data-field-id=\"2\"><label class=\"wpforms-field-label\" for=\"wpforms-21-field_2\">E-mail <span class=\"wpforms-required-label\" aria-hidden=\"true\">*<\/span><\/label><input type=\"email\" id=\"wpforms-21-field_2\" class=\"wpforms-field-medium wpforms-field-required\" name=\"wpforms[fields][2]\" spellcheck=\"false\" aria-errormessage=\"wpforms-21-field_2-error\" required><\/div><div id=\"wpforms-21-field_4-container\" class=\"wpforms-field wpforms-field-text\" data-field-id=\"4\"><label class=\"wpforms-field-label\" for=\"wpforms-21-field_4\">T\u00e9l\u00e9phone <span class=\"wpforms-required-label\" aria-hidden=\"true\">*<\/span><\/label><input type=\"text\" id=\"wpforms-21-field_4\" class=\"wpforms-field-medium wpforms-field-required wpforms-limit-characters-enabled\" data-form-id=\"21\" data-field-id=\"4\" data-text-limit=\"10\" name=\"wpforms[fields][4]\" aria-errormessage=\"wpforms-21-field_4-error\" maxlength=\"10\" required><\/div><div id=\"wpforms-21-field_3-container\" class=\"wpforms-field wpforms-field-textarea\" data-field-id=\"3\"><label class=\"wpforms-field-label\" for=\"wpforms-21-field_3\">Commentaire ou message<\/label><textarea id=\"wpforms-21-field_3\" class=\"wpforms-field-medium\" name=\"wpforms[fields][3]\" aria-errormessage=\"wpforms-21-field_3-error\" ><\/textarea><\/div><script>\n\t\t\t\t( function() {\n\t\t\t\t\tconst style = document.createElement( 'style' );\n\t\t\t\t\tstyle.appendChild( document.createTextNode( '#wpforms-21-field_5-container { position: absolute !important; overflow: hidden !important; display: inline !important; height: 1px !important; width: 1px !important; z-index: -1000 !important; padding: 0 !important; } #wpforms-21-field_5-container input { visibility: hidden; } #wpforms-conversational-form-page #wpforms-21-field_5-container label { counter-increment: none; }' ) );\n\t\t\t\t\tdocument.head.appendChild( style );\n\t\t\t\t\tdocument.currentScript?.remove();\n\t\t\t\t} )();\n\t\t\t<\/script><\/div><!-- .wpforms-field-container --><div class=\"wpforms-submit-container\" ><input type=\"hidden\" name=\"wpforms[id]\" value=\"21\"><input type=\"hidden\" name=\"page_title\" value=\"\"><input type=\"hidden\" name=\"page_url\" value=\"https:\/\/desboulesauxnez.fr\/?page_id=2\/index.php&#038;rest_route=\/wp\/v2\/pages\/24\"><input type=\"hidden\" name=\"url_referer\" value=\"\"><button type=\"submit\" name=\"wpforms[submit]\" id=\"wpforms-submit-21\" class=\"wpforms-submit\" data-alt-text=\"Envoi...\" data-submit-text=\"Envoyer\" aria-live=\"assertive\" value=\"wpforms-submit\">Envoyer<\/button><img decoding=\"async\" src=\"https:\/\/desboulesauxnez.fr\/wp-content\/plugins\/wpforms-lite\/assets\/images\/submit-spin.svg\" class=\"wpforms-submit-spinner\" style=\"display: none;\" width=\"26\" height=\"26\" alt=\"Chargement en cours\"><\/div><\/form><\/div>  <!-- .wpforms-container -->\t\t\t\t<\/div>\n\t\t\t\t<\/div>\n\t\t\t\t\t<\/div>\n\t\t\t\t<\/div>\n\t\t\t\t<div class=\"elementor-element elementor-element-e1c7d7b e-con e-atomic-element e-flexbox-base\" data-id=\"e1c7d7b\" data-element_type=\"e-flexbox\" data-e-type=\"e-flexbox\" data-interaction-id=\"e1c7d7b\">\n\t\t\t\t\t\t\t\t<p class=\"e-paragraph-base\" data-interaction-id=\"13773bd\"  >\n\t\t\t\t\t\t\t\tO\u00f9 nous trouver?&nbsp;<br><br>Association DES BOULES AUX NEZ&nbsp;<br>Dordogne: 2 bis, rue Ludovic Trarieux,&nbsp;24000 P\u00e9rigueux<br>Corr\u00e8ze: Service P\u00e9dia - CH Brive, 1 bd Docteur Verlhac, 19100 Brive<br><br>T\u00e9l.: 09 80 57 97 44<br>Mail: associationdesboulesauxnez@gmail.com\n\t\t\t\t\t<\/p>\n\t\t\t\t<\/div>\n\t\t\t\t<\/div>\n\t\t","protected":false},"excerpt":{"rendered":"<p>Veuillez activer JavaScript dans votre navigateur pour remplir ce formulaire.Veuillez activer JavaScript dans votre navigateur pour remplir ce formulaire. Nom * Pr\u00e9nomNom E-mail *T\u00e9l\u00e9phone *Commentaire ou message Envoyer O\u00f9 nous trouver?&nbsp; Association DES BOULES AUX NEZ&nbsp;Dordogne: 2 bis, rue Ludovic Trarieux,&nbsp;24000 P\u00e9rigueuxCorr\u00e8ze: Service P\u00e9dia &#8211; CH Brive, 1 bd Docteur Verlhac, 19100 Brive T\u00e9l.: 09 [&hellip;]<\/p>\n","protected":false},"author":1,"featured_media":0,"parent":0,"menu_order":0,"comment_status":"closed","ping_status":"closed","template":"","meta":{"footnotes":""},"class_list":["post-24","page","type-page","status-publish","hentry"],"yoast_head":"<!-- This site is optimized with the Yoast SEO plugin v27.4 - https:\/\/yoast.com\/product\/yoast-seo-wordpress\/ -->\n<title>Contact - Des Boules Aux Nez<\/title>\n<meta name=\"robots\" content=\"index, follow, max-snippet:-1, max-image-preview:large, max-video-preview:-1\" \/>\n<link rel=\"canonical\" href=\"https:\/\/desboulesauxnez.fr\/?page_id=2\/?page_id=24\" \/>\n<meta property=\"og:locale\" content=\"fr_FR\" \/>\n<meta property=\"og:type\" content=\"article\" \/>\n<meta property=\"og:title\" content=\"Contact - Des Boules Aux Nez\" \/>\n<meta property=\"og:description\" content=\"Veuillez activer JavaScript dans votre navigateur pour remplir ce formulaire.Veuillez activer JavaScript dans votre navigateur pour remplir ce formulaire. Nom * Pr\u00e9nomNom E-mail *T\u00e9l\u00e9phone *Commentaire ou message Envoyer O\u00f9 nous trouver?&nbsp; Association DES BOULES AUX NEZ&nbsp;Dordogne: 2 bis, rue Ludovic Trarieux,&nbsp;24000 P\u00e9rigueuxCorr\u00e8ze: Service P\u00e9dia &#8211; CH Brive, 1 bd Docteur Verlhac, 19100 Brive T\u00e9l.: 09 [&hellip;]\" \/>\n<meta property=\"og:url\" content=\"https:\/\/desboulesauxnez.fr\/?page_id=2\/?page_id=24\" \/>\n<meta property=\"og:site_name\" content=\"Des Boules Aux Nez\" \/>\n<meta property=\"article:modified_time\" content=\"2026-04-15T16:03:47+00:00\" \/>\n<meta property=\"og:image\" content=\"https:\/\/desboulesauxnez.fr\/wp-content\/plugins\/wpforms-lite\/assets\/images\/submit-spin.svg\" \/>\n<meta name=\"twitter:card\" content=\"summary_large_image\" \/>\n<meta name=\"twitter:label1\" content=\"Dur\u00e9e de lecture estim\u00e9e\" \/>\n\t<meta name=\"twitter:data1\" content=\"1 minute\" \/>\n<script type=\"application\/ld+json\" class=\"yoast-schema-graph\">{\"@context\":\"https:\\\/\\\/schema.org\",\"@graph\":[{\"@type\":\"WebPage\",\"@id\":\"https:\\\/\\\/desboulesauxnez.fr\\\/?page_id=2\\\/?page_id=24\",\"url\":\"https:\\\/\\\/desboulesauxnez.fr\\\/?page_id=2\\\/?page_id=24\",\"name\":\"Contact - Des Boules Aux Nez\",\"isPartOf\":{\"@id\":\"https:\\\/\\\/desboulesauxnez.fr\\\/?page_id=2\\\/#website\"},\"primaryImageOfPage\":{\"@id\":\"https:\\\/\\\/desboulesauxnez.fr\\\/?page_id=2\\\/?page_id=24#primaryimage\"},\"image\":{\"@id\":\"https:\\\/\\\/desboulesauxnez.fr\\\/?page_id=2\\\/?page_id=24#primaryimage\"},\"thumbnailUrl\":\"https:\\\/\\\/desboulesauxnez.fr\\\/wp-content\\\/plugins\\\/wpforms-lite\\\/assets\\\/images\\\/submit-spin.svg\",\"datePublished\":\"2026-04-15T15:52:48+00:00\",\"dateModified\":\"2026-04-15T16:03:47+00:00\",\"breadcrumb\":{\"@id\":\"https:\\\/\\\/desboulesauxnez.fr\\\/?page_id=2\\\/?page_id=24#breadcrumb\"},\"inLanguage\":\"fr-FR\",\"potentialAction\":[{\"@type\":\"ReadAction\",\"target\":[\"https:\\\/\\\/desboulesauxnez.fr\\\/?page_id=2\\\/?page_id=24\"]}]},{\"@type\":\"ImageObject\",\"inLanguage\":\"fr-FR\",\"@id\":\"https:\\\/\\\/desboulesauxnez.fr\\\/?page_id=2\\\/?page_id=24#primaryimage\",\"url\":\"https:\\\/\\\/desboulesauxnez.fr\\\/wp-content\\\/plugins\\\/wpforms-lite\\\/assets\\\/images\\\/submit-spin.svg\",\"contentUrl\":\"https:\\\/\\\/desboulesauxnez.fr\\\/wp-content\\\/plugins\\\/wpforms-lite\\\/assets\\\/images\\\/submit-spin.svg\"},{\"@type\":\"BreadcrumbList\",\"@id\":\"https:\\\/\\\/desboulesauxnez.fr\\\/?page_id=2\\\/?page_id=24#breadcrumb\",\"itemListElement\":[{\"@type\":\"ListItem\",\"position\":1,\"name\":\"Accueil\",\"item\":\"https:\\\/\\\/desboulesauxnez.fr\\\/?page_id=2\"},{\"@type\":\"ListItem\",\"position\":2,\"name\":\"Contact\"}]},{\"@type\":\"WebSite\",\"@id\":\"https:\\\/\\\/desboulesauxnez.fr\\\/?page_id=2\\\/#website\",\"url\":\"https:\\\/\\\/desboulesauxnez.fr\\\/?page_id=2\\\/\",\"name\":\"Des Boules Aux Nez\",\"description\":\"Le rire est la vitamine du coeur\",\"potentialAction\":[{\"@type\":\"SearchAction\",\"target\":{\"@type\":\"EntryPoint\",\"urlTemplate\":\"https:\\\/\\\/desboulesauxnez.fr\\\/?page_id=2\\\/?s={search_term_string}\"},\"query-input\":{\"@type\":\"PropertyValueSpecification\",\"valueRequired\":true,\"valueName\":\"search_term_string\"}}],\"inLanguage\":\"fr-FR\"}]}<\/script>\n<!-- \/ Yoast SEO plugin. -->","yoast_head_json":{"title":"Contact - Des Boules Aux Nez","robots":{"index":"index","follow":"follow","max-snippet":"max-snippet:-1","max-image-preview":"max-image-preview:large","max-video-preview":"max-video-preview:-1"},"canonical":"https:\/\/desboulesauxnez.fr\/?page_id=2\/?page_id=24","og_locale":"fr_FR","og_type":"article","og_title":"Contact - Des Boules Aux Nez","og_description":"Veuillez activer JavaScript dans votre navigateur pour remplir ce formulaire.Veuillez activer JavaScript dans votre navigateur pour remplir ce formulaire. Nom * Pr\u00e9nomNom E-mail *T\u00e9l\u00e9phone *Commentaire ou message Envoyer O\u00f9 nous trouver?&nbsp; Association DES BOULES AUX NEZ&nbsp;Dordogne: 2 bis, rue Ludovic Trarieux,&nbsp;24000 P\u00e9rigueuxCorr\u00e8ze: Service P\u00e9dia &#8211; CH Brive, 1 bd Docteur Verlhac, 19100 Brive T\u00e9l.: 09 [&hellip;]","og_url":"https:\/\/desboulesauxnez.fr\/?page_id=2\/?page_id=24","og_site_name":"Des Boules Aux Nez","article_modified_time":"2026-04-15T16:03:47+00:00","og_image":[{"url":"https:\/\/desboulesauxnez.fr\/wp-content\/plugins\/wpforms-lite\/assets\/images\/submit-spin.svg","type":"","width":"","height":""}],"twitter_card":"summary_large_image","twitter_misc":{"Dur\u00e9e de lecture estim\u00e9e":"1 minute"},"schema":{"@context":"https:\/\/schema.org","@graph":[{"@type":"WebPage","@id":"https:\/\/desboulesauxnez.fr\/?page_id=2\/?page_id=24","url":"https:\/\/desboulesauxnez.fr\/?page_id=2\/?page_id=24","name":"Contact - Des Boules Aux Nez","isPartOf":{"@id":"https:\/\/desboulesauxnez.fr\/?page_id=2\/#website"},"primaryImageOfPage":{"@id":"https:\/\/desboulesauxnez.fr\/?page_id=2\/?page_id=24#primaryimage"},"image":{"@id":"https:\/\/desboulesauxnez.fr\/?page_id=2\/?page_id=24#primaryimage"},"thumbnailUrl":"https:\/\/desboulesauxnez.fr\/wp-content\/plugins\/wpforms-lite\/assets\/images\/submit-spin.svg","datePublished":"2026-04-15T15:52:48+00:00","dateModified":"2026-04-15T16:03:47+00:00","breadcrumb":{"@id":"https:\/\/desboulesauxnez.fr\/?page_id=2\/?page_id=24#breadcrumb"},"inLanguage":"fr-FR","potentialAction":[{"@type":"ReadAction","target":["https:\/\/desboulesauxnez.fr\/?page_id=2\/?page_id=24"]}]},{"@type":"ImageObject","inLanguage":"fr-FR","@id":"https:\/\/desboulesauxnez.fr\/?page_id=2\/?page_id=24#primaryimage","url":"https:\/\/desboulesauxnez.fr\/wp-content\/plugins\/wpforms-lite\/assets\/images\/submit-spin.svg","contentUrl":"https:\/\/desboulesauxnez.fr\/wp-content\/plugins\/wpforms-lite\/assets\/images\/submit-spin.svg"},{"@type":"BreadcrumbList","@id":"https:\/\/desboulesauxnez.fr\/?page_id=2\/?page_id=24#breadcrumb","itemListElement":[{"@type":"ListItem","position":1,"name":"Accueil","item":"https:\/\/desboulesauxnez.fr\/?page_id=2"},{"@type":"ListItem","position":2,"name":"Contact"}]},{"@type":"WebSite","@id":"https:\/\/desboulesauxnez.fr\/?page_id=2\/#website","url":"https:\/\/desboulesauxnez.fr\/?page_id=2\/","name":"Des Boules Aux Nez","description":"Le rire est la vitamine du coeur","potentialAction":[{"@type":"SearchAction","target":{"@type":"EntryPoint","urlTemplate":"https:\/\/desboulesauxnez.fr\/?page_id=2\/?s={search_term_string}"},"query-input":{"@type":"PropertyValueSpecification","valueRequired":true,"valueName":"search_term_string"}}],"inLanguage":"fr-FR"}]}},"_links":{"self":[{"href":"https:\/\/desboulesauxnez.fr\/?page_id=2%2Findex.php&rest_route=\/wp\/v2\/pages\/24","targetHints":{"allow":["GET"]}}],"collection":[{"href":"https:\/\/desboulesauxnez.fr\/?page_id=2%2Findex.php&rest_route=\/wp\/v2\/pages"}],"about":[{"href":"https:\/\/desboulesauxnez.fr\/?page_id=2%2Findex.php&rest_route=\/wp\/v2\/types\/page"}],"author":[{"embeddable":true,"href":"https:\/\/desboulesauxnez.fr\/?page_id=2%2Findex.php&rest_route=\/wp\/v2\/users\/1"}],"replies":[{"embeddable":true,"href":"https:\/\/desboulesauxnez.fr\/?page_id=2%2Findex.php&rest_route=%2Fwp%2Fv2%2Fcomments&post=24"}],"version-history":[{"count":7,"href":"https:\/\/desboulesauxnez.fr\/?page_id=2%2Findex.php&rest_route=\/wp\/v2\/pages\/24\/revisions"}],"predecessor-version":[{"id":31,"href":"https:\/\/desboulesauxnez.fr\/?page_id=2%2Findex.php&rest_route=\/wp\/v2\/pages\/24\/revisions\/31"}],"wp:attachment":[{"href":"https:\/\/desboulesauxnez.fr\/?page_id=2%2Findex.php&rest_route=%2Fwp%2Fv2%2Fmedia&parent=24"}],"curies":[{"name":"wp","href":"https:\/\/api.w.org\/{rel}","templated":true}]}}